{"id":699,"date":"2021-07-18T16:50:37","date_gmt":"2021-07-18T07:50:37","guid":{"rendered":"https:\/\/kono-kokusai.jp\/?page_id=699"},"modified":"2023-01-16T12:46:22","modified_gmt":"2023-01-16T03:46:22","slug":"emergency_support","status":"publish","type":"page","link":"https:\/\/kono-kokusai.jp\/vi\/emergency_support\/","title":{"rendered":"H\u1ed7 tr\u1ee3 kh\u1ea9n c\u1ea5p"},"content":{"rendered":"\n<p class=\"wp-block-paragraph\">\u0110\u00e2y l\u00e0 &#8220;d\u1ecbch v\u1ee5 h\u1ed7 tr\u1ee3 kh\u1ea9n c\u1ea5p&#8221; d\u00e0nh cho ng\u01b0\u1eddi n\u01b0\u1edbc ngo\u00e0i \u0111\u1ebfn th\u0103m Nh\u1eadt B\u1ea3n t\u1eeb n\u01b0\u1edbc ngo\u00e0i, \u0111\u01b0\u1ee3c h\u1ed7 tr\u1ee3 ngay khi g\u1eb7p v\u1ea5n \u0111\u1ec1 s\u1ee9c kho\u1ebb \u0111\u1ed9t ng\u1ed9t. <\/p>\n\n\n\n<p class=\"wp-block-paragraph\">Khi kh\u00e1ch h\u00e0ng y\u00eau c\u1ea7u &#8220;d\u1ecbch v\u1ee5 h\u1ed7 tr\u1ee3 y t\u1ebf kh\u1ea9n c\u1ea5p&#8221;, ch\u00fang t\u00f4i s\u1ebd ph\u1ea3n h\u1ed3i ngay l\u1eadp t\u1ee9c k\u1ec3 t\u1eeb ngay khi y\u00eau c\u1ea7u v\u00e0 h\u00ecnh th\u1ee9c h\u1ed7 tr\u1ee3 ph\u00f9 h\u1ee3p v\u1edbi kh\u00e1ch h\u00e0ng.<\/p>\n\n\n\n<p class=\"wp-block-paragraph\">Th\u1eddi gian l\u00e0m vi\u1ec7c: <\/p>\n\n\n\n<p class=\"wp-block-paragraph\">08h00 ~ 15h00 t\u1eeb Th\u1ee9 Hai \u0111\u1ebfn Th\u1ee9 S\u00e1u<\/p>\n\n\n\n<p class=\"wp-block-paragraph\">08h00 ~ 11h00 Th\u1ee9 B\u1ea3y<\/p>\n\n\n\n<p class=\"wp-block-paragraph\">                 <\/p>\n\n\n\n<p class=\"wp-block-paragraph\">Chu\u0301ng t\u00f4i co\u0301 th\u00ea\u0309 h\u00f4\u0303 tr\u1ee3 kh\u00e1ch h\u00e0ng trong tr\u01b0\u01a1\u0300ng h\u01a1\u0323p kh\u1ea9n c\u1ea5p ho\u1eb7c c\u00f3 h\u1eb9n tr\u01b0\u1edbc, tr\u1ecdn g\u00f3i trong 1 ng\u00e0y t\u1eeb \u0111\u0103ng ky\u0301 kha\u0301m ch\u01b0\u0303a b\u00ea\u0323nh, \u0111\u1eb7t ch\u1ed7 b\u1ec7nh vi\u1ec7n, h\u1ed7 tr\u1ee3 t\u1eadn n\u01a1i, phi\u00ean d\u1ecbch v\u00e0 thanh to\u00e1n h\u1ed9 t\u1ea1i b\u1ec7nh vi\u1ec7n \u0111\u1ea1i h\u1ecdc \u1edf Tokyo.<\/p>\n\n\n\n<p class=\"wp-block-paragraph\">* Xin h\u00e3y vui l\u00f2ng n\u00f3i chuy\u1ec7n tr\u1ef1c ti\u1ebfp v\u1edbi ng\u01b0\u1eddi ph\u1ee5 tr\u00e1ch \u1edf hotline ti\u00ea\u0301ng Vi\u00ea\u0323t \u0111\u00ea\u0309 bi\u00ea\u0301t th\u00eam chi ti\u00ea\u0301t.<\/p>\n\n\n\n<h4 class=\"wp-block-heading has-text-align-center\">TH\u00d4NG TIN LI\u00caN L\u1ea0C<\/h4>\n\n\n\n<hr class=\"wp-block-separator has-css-opacity is-style-wide\"\/>\n\n\n\n<div class=\"wp-block-jetpack-layout-grid alignfull column1-desktop-grid__span-3 column1-desktop-grid__start-4 column1-desktop-grid__row-1 column2-desktop-grid__span-5 column2-desktop-grid__start-7 column2-desktop-grid__row-1 column1-tablet-grid__span-4 column1-tablet-grid__row-1 column2-tablet-grid__span-4 column2-tablet-grid__start-5 column2-tablet-grid__row-1 column1-mobile-grid__span-4 column1-mobile-grid__row-1 column2-mobile-grid__span-4 column2-mobile-grid__row-2 wp-block-jetpack-layout-gutter__nowrap wp-block-jetpack-layout-gutter__small\">\n<div class=\"wp-block-jetpack-layout-grid-column wp-block-jetpack-layout-grid__padding-none\">\n<div class=\"googlemaps\">\n\t\t\t\t<iframe loading=\"lazy\" width=\"450\" height=\"250\" frameborder=\"0\" scrolling=\"no\" marginheight=\"0\" marginwidth=\"0\"  src=\"https:\/\/www.google.com\/maps\/embed?pb=!1m18!1m12!1m3!1d202.54371072220607!2d139.74126864290392!3d35.68440369638728!2m3!1f0!2f0!3f0!3m2!1i1024!2i768!4f13.1!3m3!1m2!1s0x60188c7abbeb5835:0x86eb270a92a104ff!2z44CSMTAyLTAwODMg5p2x5Lqs6YO95Y2D5Luj55Sw5Yy66bq555S677yS5LiB55uu77yS4oiS77yT77yR!5e0!3m2!1sja!2sjp!4v1624080707116!5m2!1sja!2sjp\"><\/iframe>\n\t\t\t<\/div>\n<\/div>\n\n\n\n<div class=\"wp-block-jetpack-layout-grid-column wp-block-jetpack-layout-grid__padding-none\">\n<h5 class=\"wp-block-heading alignfull has-text-align-left\">C\u00d4NG TY C\u1ed4 PH\u1ea6N D\u1ecaCH V\u1ee4 Y T\u1ebe QU\u1ed0C T\u1ebe KONO<\/h5>\n\n\n\n<p class=\"wp-block-paragraph\" style=\"font-size:14px\">Tokyo, Chiyoda-ku, Kojimachi 2-2-31 Kojimachi Sunrise building 201 (Ng\u00e3 t\u01b0 Kojimachi 1-chome)<\/p>\n\n\n\n<ul class=\"wp-block-list\" style=\"font-size:12px\">\n<li>Ngay c\u1ea1nh c\u1eeda 3A ga Hanzomon<\/li>\n\n\n\n<li>C\u00e1ch c\u1eeda s\u1ed1 3 ga Kojimachi 5 ph\u00fat \u0111i  b\u1ed9<\/li>\n<\/ul>\n<\/div>\n<\/div>\n\n\n\n<hr class=\"wp-block-separator has-css-opacity is-style-wide\"\/>\n\n\n\n<div class=\"wp-block-jetpack-layout-grid alignfull column1-desktop-grid__span-12 column1-desktop-grid__row-1 column1-tablet-grid__span-8 column1-tablet-grid__row-1 column1-mobile-grid__span-4 column1-mobile-grid__row-1 wp-block-jetpack-layout-gutter__nowrap are-vertically-aligned-center wp-block-jetpack-layout-gutter__none\">\n<div class=\"wp-block-jetpack-layout-grid-column wp-block-jetpack-layout-grid__padding-none is-vertically-aligned-center\">\n<footer class=\"footer_01\">\n<ul class=\"footer_nav01 fo15 text-center bottom-mg-20\">\n\t\t\t<li><a href=\"https:\/\/kono-kokusai.jp\/vi\/\">Trang ch\u1ee7<\/a><\/li>\n\t\t\t<li><a href=\"https:\/\/kono-kokusai.jp\/vi\/med_match\/\">Gi\u1edbi thi\u1ec7u c\u01a1 s\u1edf y t\u1ebf<\/a><\/li>\n\t\t\t<li><a href=\"https:\/\/kono-kokusai.jp\/vi\/second_op\/\">\u00dd ki\u1ebfn y t\u1ebf th\u1ee9 hai<\/a><\/li>\n\t\t\t<li><a href=\"https:\/\/kono-kokusai.jp\/vi\/reg_med\/\">Y h\u1ecdc t\u00e1i t\u1ea1o<\/a><\/li>\n\t\t\t<li><a href=\"https:\/\/kono-kokusai.jp\/vi\/physical_exam\/\">Kh\u00e1m s\u1ee9c kh\u1ecfe t\u1ed5ng qu\u00e1t<\/a><\/li>\n\t\t\t<li><a href=\"https:\/\/kono-kokusai.jp\/vi\/plastic_surg\/\">Y t\u1ebf th\u1ea9m m\u1ef9<\/a><\/li>\n\t\t\t<li><a href=\"https:\/\/kono-kokusai.jp\/vi\/sub_service\/\">D\u1ecbch v\u1ee5 kh\u00e1c<\/a><\/li>\n\t\t\t<li><a href=\"https:\/\/kono-kokusai.jp\/vi\/company\/\">Gi\u1edbi thi\u1ec7u c\u00f4ng ty<\/a><\/li>\n\t\t\t<li><a href=\"https:\/\/kono-kokusai.jp\/vi\/contact\/\">Li\u00ean l\u1ea1c<\/a><\/li>\n<\/ul>\n\t<div class=\"back-pink\">\n\t\t<section class=\"text-center fo18 lh16 full-pad-15 fo-pink\">\n\t\t\t<p class=\"copyright\"><small>\u00a9 2022\u3000C\u00f4ng ty C\u1ed5 ph\u1ea7n D\u1ecbch v\u1ee5 Y t\u1ebf Qu\u1ed1c t\u1ebf Kono<\/small><\/p>\n\t\t<\/section>\n\t<\/div>\n<\/footer>\n<\/div>\n<\/div>\n\n\n\n<p class=\"wp-block-paragraph\"><\/p>\n","protected":false},"excerpt":{"rendered":"<p>\u0110\u00e2y l\u00e0 &#8220;d\u1ecbch v\u1ee5 h\u1ed7 tr\u1ee3 kh\u1ea9n c\u1ea5p&#8221; d\u00e0nh cho ng\u01b0\u1eddi n\u01b0\u1edbc ngo\u00e0i \u0111\u1ebfn th\u0103m Nh\u1eadt B\u1ea3n t\u1eeb n\u01b0\u1edbc ngo\u00e0i, \u0111\u01b0\u1ee3c h\u1ed7 tr\u1ee3 ngay khi g\u1eb7p v\u1ea5n \u0111\u1ec1 s\u1ee9c kho\u1ebb \u0111\u1ed9t ng\u1ed9t. Khi kh\u00e1ch h\u00e0ng y\u00eau c\u1ea7u &#8220;d\u1ecbch v\u1ee5 h\u1ed7 tr\u1ee3 y t\u1ebf kh\u1ea9n c\u1ea5p&#8221;, ch\u00fang t\u00f4i s\u1ebd ph\u1ea3n h\u1ed3i ngay l\u1eadp t\u1ee9c k\u1ec3 t\u1eeb<a class=\"more-link\" href=\"https:\/\/kono-kokusai.jp\/vi\/emergency_support\/\">\u0110\u1ecdc ti\u1ebfp <span class=\"screen-reader-text\">&#8220;H\u1ed7 tr\u1ee3 kh\u1ea9n c\u1ea5p&#8221;<\/span><\/a><\/p>\n","protected":false},"author":207303134,"featured_media":0,"parent":0,"menu_order":0,"comment_status":"closed","ping_status":"closed","template":"","meta":{"_coblocks_attr":"","_coblocks_dimensions":"","_coblocks_responsive_height":"","_coblocks_accordion_ie_support":"","_crdt_document":"","advanced_seo_description":"","jetpack_seo_html_title":"","jetpack_seo_noindex":false,"_locale":"vi","_original_post":"https:\/\/kono-kokusai.jp\/?page_id=382","footnotes":""},"class_list":["post-699","page","type-page","status-publish","hentry","vi","entry"],"jetpack_likes_enabled":true,"jetpack_sharing_enabled":true,"jetpack_shortlink":"https:\/\/wp.me\/Pd88Ab-bh","amp_enabled":true,"_links":{"self":[{"href":"https:\/\/kono-kokusai.jp\/wp-json\/wp\/v2\/pages\/699","targetHints":{"allow":["GET"]}}],"collection":[{"href":"https:\/\/kono-kokusai.jp\/wp-json\/wp\/v2\/pages"}],"about":[{"href":"https:\/\/kono-kokusai.jp\/wp-json\/wp\/v2\/types\/page"}],"author":[{"embeddable":true,"href":"https:\/\/kono-kokusai.jp\/wp-json\/wp\/v2\/users\/207303134"}],"replies":[{"embeddable":true,"href":"https:\/\/kono-kokusai.jp\/wp-json\/wp\/v2\/comments?post=699"}],"version-history":[{"count":9,"href":"https:\/\/kono-kokusai.jp\/wp-json\/wp\/v2\/pages\/699\/revisions"}],"predecessor-version":[{"id":1291,"href":"https:\/\/kono-kokusai.jp\/wp-json\/wp\/v2\/pages\/699\/revisions\/1291"}],"wp:attachment":[{"href":"https:\/\/kono-kokusai.jp\/wp-json\/wp\/v2\/media?parent=699"}],"curies":[{"name":"wp","href":"https:\/\/api.w.org\/{rel}","templated":true}]}}