{"id":707,"date":"2021-07-18T17:00:06","date_gmt":"2021-07-18T08:00:06","guid":{"rendered":"https:\/\/kono-kokusai.jp\/?page_id=707"},"modified":"2023-01-16T12:50:32","modified_gmt":"2023-01-16T03:50:32","slug":"med_match","status":"publish","type":"page","link":"https:\/\/kono-kokusai.jp\/vi\/med_match\/","title":{"rendered":"Gi\u1edbi thi\u1ec7u c\u01a1 s\u1edf y t\u1ebf"},"content":{"rendered":"\n<p class=\"wp-block-paragraph\">\u0110\u1ec3 gi\u00fap kh\u00e1ch h\u00e0ng so s\u00e1nh ph\u01b0\u01a1ng ph\u00e1p \u0111i\u1ec1u tr\u1ecb c\u0169ng nh\u01b0 \u0111\u01a1n thu\u1ed1c \u1edf Vi\u1ec7t Nam v\u00e0 Nh\u1eadt B\u1ea3n, sau khi \u0111\u01b0\u1ee3c ch\u1ea9n \u0111o\u00e1n b\u1ec7nh \u1edf c\u00e1c b\u1ec7nh vi\u1ec7n trong n\u01b0\u1edbc, ng\u01b0\u1eddi b\u1ec7nh ho\u1eb7c ng\u01b0\u1eddi nh\u00e0 b\u1ec7nh nh\u00e2n c\u00f3 th\u1ec3 h\u1ecfi th\u00eam \u00fd ki\u1ebfn th\u1ee9 hai (second opinion) c\u1ee7a b\u1ec7nh vi\u1ec7n ho\u1eb7c b\u00e1c s\u0129 chuy\u00ean khoa t\u1ea1i Nh\u1eadt B\u1ea3n.<br>Phi\u00ean d\u1ecbch v\u00e0 \u0111i\u1ec1u ph\u1ed1i vi\u00ean y t\u1ebf c\u00f3 th\u1ec3 thay m\u1eb7t kh\u00e1ch h\u00e0ng ti\u1ebfp x\u00fac v\u1edbi b\u00e1c s\u1ef9, nh\u1eadn kh\u00e1m v\u00e0 t\u1ed5ng h\u1ee3p l\u1ea1i \u00fd ki\u1ebfn c\u1ee7a b\u00e1c s\u1ef9 th\u00e0nh v\u0103n b\u1ea3n, bi\u00ean d\u1ecbch v\u00e0 g\u1eedi cho kh\u00e1ch h\u00e0ng theo y\u00eau c\u1ea7u.<\/p>\n\n\n\n<ul class=\"wp-block-list\">\n<li>Chi ti\u1ebft vui l\u00f2ng li\u00ean h\u1ec7 tr\u1ef1c ti\u1ebfp ng\u01b0\u1eddi ph\u1ee5 tr\u00e1ch theo th\u00f4ng tin d\u01b0\u1edbi \u0111\u00e2y<\/li>\n<\/ul>\n\n\n\n<h4 class=\"wp-block-heading has-text-align-center\">TH\u00d4NG TIN LI\u00caN L\u1ea0C<\/h4>\n\n\n\n<hr class=\"wp-block-separator has-css-opacity is-style-wide\"\/>\n\n\n\n<div class=\"wp-block-jetpack-layout-grid alignfull column1-desktop-grid__span-3 column1-desktop-grid__start-4 column1-desktop-grid__row-1 column2-desktop-grid__span-5 column2-desktop-grid__start-7 column2-desktop-grid__row-1 column1-tablet-grid__span-4 column1-tablet-grid__row-1 column2-tablet-grid__span-4 column2-tablet-grid__start-5 column2-tablet-grid__row-1 column1-mobile-grid__span-4 column1-mobile-grid__row-1 column2-mobile-grid__span-4 column2-mobile-grid__row-2 wp-block-jetpack-layout-gutter__nowrap wp-block-jetpack-layout-gutter__small\">\n<div class=\"wp-block-jetpack-layout-grid-column wp-block-jetpack-layout-grid__padding-none\">\n<div class=\"googlemaps\">\n\t\t\t\t<iframe loading=\"lazy\" width=\"450\" height=\"250\" frameborder=\"0\" scrolling=\"no\" marginheight=\"0\" marginwidth=\"0\"  src=\"https:\/\/www.google.com\/maps\/embed?pb=!1m18!1m12!1m3!1d202.54371072220607!2d139.74126864290392!3d35.68440369638728!2m3!1f0!2f0!3f0!3m2!1i1024!2i768!4f13.1!3m3!1m2!1s0x60188c7abbeb5835:0x86eb270a92a104ff!2z44CSMTAyLTAwODMg5p2x5Lqs6YO95Y2D5Luj55Sw5Yy66bq555S677yS5LiB55uu77yS4oiS77yT77yR!5e0!3m2!1sja!2sjp!4v1624080707116!5m2!1sja!2sjp\"><\/iframe>\n\t\t\t<\/div>\n<\/div>\n\n\n\n<div class=\"wp-block-jetpack-layout-grid-column wp-block-jetpack-layout-grid__padding-none\">\n<h5 class=\"wp-block-heading alignfull has-text-align-left\">C\u00d4NG TY C\u1ed4 PH\u1ea6N D\u1ecaCH V\u1ee4 Y T\u1ebe QU\u1ed0C T\u1ebe KONO<\/h5>\n\n\n\n<p class=\"wp-block-paragraph\" style=\"font-size:14px\">Tokyo, Chiyoda-ku, Kojimachi 2-2-31 Kojimachi Sunrise building 201 (Ng\u00e3 t\u01b0 Kojimachi 1-chome)<\/p>\n\n\n\n<ul class=\"wp-block-list\" style=\"font-size:12px\">\n<li>Ngay c\u1ea1nh c\u1eeda 3A ga Hanzomon<\/li>\n\n\n\n<li>C\u00e1ch c\u1eeda s\u1ed1 3 ga Kojimachi 5 ph\u00fat \u0111i  b\u1ed9<\/li>\n<\/ul>\n<\/div>\n<\/div>\n\n\n\n<hr class=\"wp-block-separator has-css-opacity is-style-wide\"\/>\n\n\n\n<div class=\"wp-block-jetpack-layout-grid alignfull column1-desktop-grid__span-12 column1-desktop-grid__row-1 column1-tablet-grid__span-8 column1-tablet-grid__row-1 column1-mobile-grid__span-4 column1-mobile-grid__row-1 wp-block-jetpack-layout-gutter__nowrap are-vertically-aligned-center wp-block-jetpack-layout-gutter__none\">\n<div class=\"wp-block-jetpack-layout-grid-column wp-block-jetpack-layout-grid__padding-none is-vertically-aligned-center\">\n<footer class=\"footer_01\">\n<ul class=\"footer_nav01 fo15 text-center bottom-mg-20\">\n\t\t\t<li><a href=\"https:\/\/kono-kokusai.jp\/vi\/\">Trang ch\u1ee7<\/a><\/li>\n\t\t\t<li><a href=\"https:\/\/kono-kokusai.jp\/vi\/med_match\/\">Gi\u1edbi thi\u1ec7u c\u01a1 s\u1edf y t\u1ebf<\/a><\/li>\n\t\t\t<li><a href=\"https:\/\/kono-kokusai.jp\/vi\/second_op\/\">\u00dd ki\u1ebfn y t\u1ebf th\u1ee9 hai<\/a><\/li>\n\t\t\t<li><a href=\"https:\/\/kono-kokusai.jp\/vi\/reg_med\/\">Y h\u1ecdc t\u00e1i t\u1ea1o<\/a><\/li>\n\t\t\t<li><a href=\"https:\/\/kono-kokusai.jp\/vi\/physical_exam\/\">Kh\u00e1m s\u1ee9c kh\u1ecfe t\u1ed5ng qu\u00e1t<\/a><\/li>\n\t\t\t<li><a href=\"https:\/\/kono-kokusai.jp\/vi\/plastic_surg\/\">Y t\u1ebf th\u1ea9m m\u1ef9<\/a><\/li>\n\t\t\t<li><a href=\"https:\/\/kono-kokusai.jp\/vi\/sub_service\/\">D\u1ecbch v\u1ee5 kh\u00e1c<\/a><\/li>\n\t\t\t<li><a href=\"https:\/\/kono-kokusai.jp\/vi\/company\/\">Gi\u1edbi thi\u1ec7u c\u00f4ng ty<\/a><\/li>\n\t\t\t<li><a href=\"https:\/\/kono-kokusai.jp\/vi\/contact\/\">Li\u00ean l\u1ea1c<\/a><\/li>\n<\/ul>\n\t<div class=\"back-pink\">\n\t\t<section class=\"text-center fo18 lh16 full-pad-15 fo-pink\">\n\t\t\t<p class=\"copyright\"><small>\u00a9 2022\u3000C\u00f4ng ty C\u1ed5 ph\u1ea7n D\u1ecbch v\u1ee5 Y t\u1ebf Qu\u1ed1c t\u1ebf Kono<\/small><\/p>\n\t\t<\/section>\n\t<\/div>\n<\/footer>\n<\/div>\n<\/div>\n","protected":false},"excerpt":{"rendered":"<p>\u0110\u1ec3 gi\u00fap kh\u00e1ch h\u00e0ng so s\u00e1nh ph\u01b0\u01a1ng ph\u00e1p \u0111i\u1ec1u tr\u1ecb c\u0169ng nh\u01b0 \u0111\u01a1n thu\u1ed1c \u1edf Vi\u1ec7t Nam v\u00e0 Nh\u1eadt B\u1ea3n, sau khi \u0111\u01b0\u1ee3c ch\u1ea9n \u0111o\u00e1n b\u1ec7nh \u1edf c\u00e1c b\u1ec7nh vi\u1ec7n trong n\u01b0\u1edbc, ng\u01b0\u1eddi b\u1ec7nh ho\u1eb7c ng\u01b0\u1eddi nh\u00e0 b\u1ec7nh nh\u00e2n c\u00f3 th\u1ec3 h\u1ecfi th\u00eam \u00fd ki\u1ebfn th\u1ee9 hai (second opinion) c\u1ee7a b\u1ec7nh vi\u1ec7n ho\u1eb7c b\u00e1c s\u0129<a class=\"more-link\" href=\"https:\/\/kono-kokusai.jp\/vi\/med_match\/\">\u0110\u1ecdc ti\u1ebfp <span class=\"screen-reader-text\">&#8220;Gi\u1edbi thi\u1ec7u c\u01a1 s\u1edf y t\u1ebf&#8221;<\/span><\/a><\/p>\n","protected":false},"author":207303134,"featured_media":0,"parent":0,"menu_order":0,"comment_status":"closed","ping_status":"closed","template":"","meta":{"_coblocks_attr":"","_coblocks_dimensions":"","_coblocks_responsive_height":"","_coblocks_accordion_ie_support":"","_crdt_document":"","advanced_seo_description":"","jetpack_seo_html_title":"","jetpack_seo_noindex":false,"_locale":"vi","_original_post":"https:\/\/kono-kokusai.jp\/?page_id=384","footnotes":""},"class_list":["post-707","page","type-page","status-publish","hentry","vi","entry"],"jetpack_likes_enabled":true,"jetpack_sharing_enabled":true,"jetpack_shortlink":"https:\/\/wp.me\/Pd88Ab-bp","amp_enabled":true,"_links":{"self":[{"href":"https:\/\/kono-kokusai.jp\/wp-json\/wp\/v2\/pages\/707","targetHints":{"allow":["GET"]}}],"collection":[{"href":"https:\/\/kono-kokusai.jp\/wp-json\/wp\/v2\/pages"}],"about":[{"href":"https:\/\/kono-kokusai.jp\/wp-json\/wp\/v2\/types\/page"}],"author":[{"embeddable":true,"href":"https:\/\/kono-kokusai.jp\/wp-json\/wp\/v2\/users\/207303134"}],"replies":[{"embeddable":true,"href":"https:\/\/kono-kokusai.jp\/wp-json\/wp\/v2\/comments?post=707"}],"version-history":[{"count":12,"href":"https:\/\/kono-kokusai.jp\/wp-json\/wp\/v2\/pages\/707\/revisions"}],"predecessor-version":[{"id":1297,"href":"https:\/\/kono-kokusai.jp\/wp-json\/wp\/v2\/pages\/707\/revisions\/1297"}],"wp:attachment":[{"href":"https:\/\/kono-kokusai.jp\/wp-json\/wp\/v2\/media?parent=707"}],"curies":[{"name":"wp","href":"https:\/\/api.w.org\/{rel}","templated":true}]}}